{"id":7,"date":"2023-01-27T15:35:41","date_gmt":"2023-01-27T18:35:41","guid":{"rendered":"http:\/\/frigobeto.com.br\/?page_id=7"},"modified":"2023-02-01T15:35:38","modified_gmt":"2023-02-01T18:35:38","slug":"home","status":"publish","type":"page","link":"https:\/\/frigobeto.com.br\/","title":{"rendered":"Home"},"content":{"rendered":"\t\t<div data-elementor-type=\"wp-page\" data-elementor-id=\"7\" class=\"elementor elementor-7\">\n\t\t\t\t\t\t\t\t\t<section class=\"elementor-section elementor-top-section elementor-element elementor-element-9f876ee elementor-section-boxed elementor-section-height-default elementor-section-height-default\" data-id=\"9f876ee\" data-element_type=\"section\">\n\t\t\t\t\t\t<div class=\"elementor-container elementor-column-gap-default\">\n\t\t\t\t\t<div class=\"elementor-column elementor-col-33 elementor-top-column elementor-element elementor-element-9ed80ae\" data-id=\"9ed80ae\" data-element_type=\"column\">\n\t\t\t<div class=\"elementor-widget-wrap\">\n\t\t\t\t\t\t\t\t\t<\/div>\n\t\t<\/div>\n\t\t\t\t<div class=\"elementor-column elementor-col-33 elementor-top-column elementor-element elementor-element-5eb193f\" data-id=\"5eb193f\" data-element_type=\"column\">\n\t\t\t<div class=\"elementor-widget-wrap elementor-element-populated\">\n\t\t\t\t\t\t\t\t<div class=\"elementor-element elementor-element-83b3b51 elementor-widget elementor-widget-image\" data-id=\"83b3b51\" data-element_type=\"widget\" data-widget_type=\"image.default\">\n\t\t\t\t<div class=\"elementor-widget-container\">\n\t\t\t<style>\/*! elementor - v3.10.1 - 17-01-2023 *\/\n.elementor-widget-image{text-align:center}.elementor-widget-image a{display:inline-block}.elementor-widget-image a img[src$=\".svg\"]{width:48px}.elementor-widget-image img{vertical-align:middle;display:inline-block}<\/style>\t\t\t\t\t\t\t\t\t\t\t\t<img loading=\"lazy\" decoding=\"async\" width=\"761\" height=\"346\" src=\"https:\/\/frigobeto.com.br\/wp-content\/uploads\/2023\/01\/frigobeto-logo.jpg\" class=\"attachment-large size-large wp-image-16\" alt=\"\" srcset=\"https:\/\/frigobeto.com.br\/wp-content\/uploads\/2023\/01\/frigobeto-logo.jpg 761w, https:\/\/frigobeto.com.br\/wp-content\/uploads\/2023\/01\/frigobeto-logo-300x136.jpg 300w\" sizes=\"auto, (max-width: 761px) 100vw, 761px\" \/>\t\t\t\t\t\t\t\t\t\t\t\t\t\t\t<\/div>\n\t\t\t\t<\/div>\n\t\t\t\t\t<\/div>\n\t\t<\/div>\n\t\t\t\t<div class=\"elementor-column elementor-col-33 elementor-top-column elementor-element elementor-element-0277fa5\" data-id=\"0277fa5\" data-element_type=\"column\">\n\t\t\t<div class=\"elementor-widget-wrap\">\n\t\t\t\t\t\t\t\t\t<\/div>\n\t\t<\/div>\n\t\t\t\t\t\t\t<\/div>\n\t\t<\/section>\n\t\t\t\t<section class=\"elementor-section elementor-top-section elementor-element elementor-element-f7bb478 elementor-section-boxed elementor-section-height-default elementor-section-height-default\" data-id=\"f7bb478\" data-element_type=\"section\">\n\t\t\t\t\t\t<div class=\"elementor-container elementor-column-gap-default\">\n\t\t\t\t\t<div class=\"elementor-column elementor-col-100 elementor-top-column elementor-element elementor-element-67ac4fd\" data-id=\"67ac4fd\" data-element_type=\"column\">\n\t\t\t<div class=\"elementor-widget-wrap elementor-element-populated\">\n\t\t\t\t\t\t\t\t<div class=\"elementor-element elementor-element-97c57bd elementor-widget elementor-widget-text-editor\" data-id=\"97c57bd\" data-element_type=\"widget\" data-widget_type=\"text-editor.default\">\n\t\t\t\t<div class=\"elementor-widget-container\">\n\t\t\t<style>\/*! elementor - v3.10.1 - 17-01-2023 *\/\n.elementor-widget-text-editor.elementor-drop-cap-view-stacked .elementor-drop-cap{background-color:#818a91;color:#fff}.elementor-widget-text-editor.elementor-drop-cap-view-framed .elementor-drop-cap{color:#818a91;border:3px solid;background-color:transparent}.elementor-widget-text-editor:not(.elementor-drop-cap-view-default) .elementor-drop-cap{margin-top:8px}.elementor-widget-text-editor:not(.elementor-drop-cap-view-default) .elementor-drop-cap-letter{width:1em;height:1em}.elementor-widget-text-editor .elementor-drop-cap{float:left;text-align:center;line-height:1;font-size:50px}.elementor-widget-text-editor .elementor-drop-cap-letter{display:inline-block}<\/style>\t\t\t\t<p><strong>Email:<\/strong> frigobeto@gmail.com<\/p><p><strong>Matriz:<\/strong> Rua do Russel, n\u00ba 804 &#8211; 4\u00ba andar &#8211; Edif\u00edcio Manchete &#8211; Bairro da Gl\u00f3ria &#8211; Rio de Janeiro &#8211; RJ<\/p><p>CEP 22210-010 &#8211; Brasil &#8211; Fone: +55 (21) 3942-0071<\/p><p><strong>Escrit\u00f3rio de Apucarana<\/strong> &#8211; Paran\u00e1: Rua Francisco Kitano, n\u00ba 555-B &#8211; Apucarana &#8211; PR<\/p><p>CEP 86806-420 &#8211; Fone: +55 (43) 3122-3971<\/p><p><strong>Escrit\u00f3rio de Paris:<\/strong> 140 Bis Rue de Rennes &#8211; 75006 &#8211; Paris &#8211; Fran\u00e7a &#8211; Fone: +33 (970) 444-218<\/p><p><strong>Representante Texas<\/strong> &#8211; Estados Unidos: +1 (469) 638-3090<\/p><div>\u00a0<\/div><div>\u00a0<\/div>\t\t\t\t\t\t<\/div>\n\t\t\t\t<\/div>\n\t\t\t\t\t<\/div>\n\t\t<\/div>\n\t\t\t\t\t\t\t<\/div>\n\t\t<\/section>\n\t\t\t\t\t\t\t<\/div>\n\t\t","protected":false},"excerpt":{"rendered":"<p>Email: frigobeto@gmail.com Matriz: Rua do Russel, n\u00ba 804 &#8211; 4\u00ba andar &#8211; Edif\u00edcio Manchete &#8211; Bairro da Gl\u00f3ria &#8211; Rio de Janeiro &#8211; RJ CEP 22210-010 &#8211; Brasil &#8211; Fone: +55 (21) 3942-0071 Escrit\u00f3rio de Apucarana &#8211; Paran\u00e1: Rua Francisco Kitano, n\u00ba 555-B &#8211; Apucarana &#8211; PR CEP 86806-420 &#8211; Fone: +55 (43) 3122-3971 Escrit\u00f3rio [&hellip;]<\/p>\n","protected":false},"author":1,"featured_media":0,"parent":0,"menu_order":0,"comment_status":"closed","ping_status":"closed","template":"elementor_canvas","meta":{"footnotes":""},"class_list":["post-7","page","type-page","status-publish","hentry"],"_links":{"self":[{"href":"https:\/\/frigobeto.com.br\/index.php\/wp-json\/wp\/v2\/pages\/7","targetHints":{"allow":["GET"]}}],"collection":[{"href":"https:\/\/frigobeto.com.br\/index.php\/wp-json\/wp\/v2\/pages"}],"about":[{"href":"https:\/\/frigobeto.com.br\/index.php\/wp-json\/wp\/v2\/types\/page"}],"author":[{"embeddable":true,"href":"https:\/\/frigobeto.com.br\/index.php\/wp-json\/wp\/v2\/users\/1"}],"replies":[{"embeddable":true,"href":"https:\/\/frigobeto.com.br\/index.php\/wp-json\/wp\/v2\/comments?post=7"}],"version-history":[{"count":19,"href":"https:\/\/frigobeto.com.br\/index.php\/wp-json\/wp\/v2\/pages\/7\/revisions"}],"predecessor-version":[{"id":29,"href":"https:\/\/frigobeto.com.br\/index.php\/wp-json\/wp\/v2\/pages\/7\/revisions\/29"}],"wp:attachment":[{"href":"https:\/\/frigobeto.com.br\/index.php\/wp-json\/wp\/v2\/media?parent=7"}],"curies":[{"name":"wp","href":"https:\/\/api.w.org\/{rel}","templated":true}]}}